{"id":1998,"date":"2020-02-17T11:34:58","date_gmt":"2020-02-17T11:34:58","guid":{"rendered":"http:\/\/hortisfera.es\/?page_id=1998"},"modified":"2023-01-20T10:04:25","modified_gmt":"2023-01-20T10:04:25","slug":"politica-de-cookies","status":"publish","type":"page","link":"https:\/\/hortisfera.es\/en\/politica-de-cookies\/","title":{"rendered":"POL\u00cdTICA DE COOKIES"},"content":{"rendered":"<div id=\"agni-row-30278\" class=\"section-row\" ><div class=\"section-row-bg-container section-row-bg-container-agni-row-30278\"><div class=\"section-row-bg section-row-bg-color\"  ><\/div><\/div><div class=\"container\"><div class=\"vc_row vc_row_fluid\"><div id=\"agni-column-15504\" class=\"wpb_column agni_column_container agni_column vc_column_container vc_col-sm-12\"><div class=\"agni_column-inner vc_column-inner text-left\"  ><div class=\"section-column-bg-container section-column-bg-container-agni-column-15504\" ><div class=\"section-column-bg section-column-bg-color\"  ><\/div><\/div><div class=\"wpb_wrapper\">\r\n\t<div id=\"\" class=\"agni_text_column agni-text-block\"  >\r\n\t\t<p><strong><u>QUE SON LAS COOKIES?<\/u><\/strong><\/p>\n<p>Las cookies son peque\u00f1os \u00a0archivos de datos que se reciben en el terminal desde el sitio web visitado y se usan para registrar ciertas interacciones de la navegaci\u00f3n en un sitio web almacenando datos que podr\u00e1n ser actualizados y recuperados. Estos archivos se almacenan en el ordenador del usuario y contiene datos an\u00f3nimos que no son perjudiciales para su equipo. Se utilizan para recordar las preferencias del usuario, como el idioma seleccionado, datos de acceso o personalizaci\u00f3n de la p\u00e1gina.<\/p>\n<p>Las cookies tambi\u00e9n pueden ser utilizadas para registrar informaci\u00f3n an\u00f3nima sobre c\u00f3mo un visitante utiliza un sitio. Por ejemplo, desde qu\u00e9 p\u00e1gina web ha accedido, o si ha utilizado un \u00abbanner\u00bb publicitario para llegar.<\/p>\n<ol>\n<li><strong><u>\u00bfPOR QUE UTILIZAMOS COOKIES?<\/u><\/strong><\/li>\n<\/ol>\n<p><strong>HORTISFERA, SL<\/strong><strong>,<\/strong> cookies estrictamente necesarias y esenciales para que utilice nuestros sitios web y le permitan moverse libremente, utilizar \u00e1reas seguras, opciones personalizadas, etc. Adem\u00e1s, <strong>HORTISFERA, SL<\/strong><strong>,<\/strong> utiliza cookies que recogen datos relativos al an\u00e1lisis de uso de la web. Estas se utilizan para ayudar a mejorar el servicio al cliente, midiendo el uso y el rendimiento de la p\u00e1gina, para optimizarla y personalizarla.<\/p>\n<p>Nuestros sitios tambi\u00e9n pueden tener enlaces de redes sociales (como Facebook o Twitter).<strong> HORTISFERA, SL<\/strong><strong>, <\/strong>no controla las cookies utilizadas por estas webs externas. Para m\u00e1s informaci\u00f3n sobre las cookies de las redes sociales u otras Webs ajenas, aconsejamos revisar sus propias pol\u00edticas de cookies.<\/p>\n<p>Este sitio web utiliza \u00abcookies\u00bb de la siguiente manera:<\/p>\n<ul>\n<li><strong> Cookie de Google<\/strong> ANALYTICS: Google ANALYTICS es un servicio gratuito que ofrece Google Inc. y que recoge informaci\u00f3n sobre las p\u00e1ginas de la web consultada, a qu\u00e9 hora, qu\u00e9 navegador Web, etc. Posteriormente, esta informaci\u00f3n se env\u00eda a los servidores de Google Inc..<\/li>\n<li><strong> Cookies de aplicaci\u00f3n,<\/strong> \u00abAdd-this\u00bb: Add-this es un servicio gratuito que le permite compartir p\u00e1ginas de este sitio web por diferentes medios (correo electr\u00f3nico, redes sociales, etc.). Add-his recoge informaci\u00f3n estad\u00edstica de su navegaci\u00f3n para proporcionar publicidad adaptada a sus h\u00e1bitos de navegaci\u00f3n en este sitio web o en cualquier otro lugar.<\/li>\n<\/ul>\n<ol start=\"2\">\n<li><strong><u>\u00bfQUE USO LE DAMOS A LOS DIFERENTES TIPOS DE COOKIES?<\/u><\/strong><\/li>\n<\/ol>\n<p><strong>Seg\u00fan su finalidad:<\/strong><\/p>\n<ul>\n<li><strong> Cookies t\u00e9cnicas:<\/strong> Las cookies t\u00e9cnicas son aquellas imprescindibles y estrictamente necesarias para el correcto funcionamiento de un portal web y la utilizaci\u00f3n de las diferentes opciones y servicios que ofrece. Por ejemplo, las que sirven para el mantenimiento de la sesi\u00f3n, la gesti\u00f3n del tiempo de respuesta, rendimiento o validaci\u00f3n de opciones, utilizar elementos de seguridad, compartir contenido con redes sociales, etc.<\/li>\n<li><strong> Cookies de personalizaci\u00f3n:<\/strong> Estas cookies permiten al usuario especificar o personalizar algunas caracter\u00edsticas de las opciones generales de la p\u00e1gina web, por ejemplo, definir el idioma, configuraci\u00f3n regional o tipo de navegador.<\/li>\n<li><strong> Cookies anal\u00edticas:<\/strong> Las cookies anal\u00edticas son las utilizadas por nuestro portal web, para elaborar perfiles navegaci\u00f3n y poder conocer las preferencias de los usuarios del mismo con el fin de mejorar la oferta de productos y servicios. Por ejemplo, mediante una cookie anal\u00edtica se controlar\u00edan las \u00e1reas geogr\u00e1ficas de mayor inter\u00e9s de un usuario, cu\u00e1l es el producto de m\u00e1s aceptaci\u00f3n, etc.<\/li>\n<li><strong> Cookies publicitarias\/de publicidad:<\/strong> Las cookies publicitarias permiten la gesti\u00f3n de los espacios publicitarios en base a criterios concretos. Por ejemplo, la frecuencia de acceso, el contenido editado, etc. Las cookies de publicidad permiten a trav\u00e9s de la gesti\u00f3n de la publicidad almacenar informaci\u00f3n del comportamiento a trav\u00e9s de la observaci\u00f3n de h\u00e1bitos, estudiando los accesos y formando un perfil de preferencias del usuario, para ofrecer publicidad relacionada con los intereses de su perfil.<\/li>\n<\/ul>\n<p><strong>Seg\u00fan plazo:<\/strong><\/p>\n<ul>\n<li><strong> Cookies de sesi\u00f3n:<\/strong> Las cookies de sesi\u00f3n son aquellas que duran el tiempo que el usuario est\u00e1 navegando por la p\u00e1gina web y se borran al t\u00e9rmino.<\/li>\n<li><strong> Cookies persistentes:<\/strong> Estas cookies quedan almacenadas en el terminal del usuario, por un tiempo m\u00e1s largo, facilitando as\u00ed el control de las preferencias elegidas sin tener que repetir ciertos par\u00e1metros cada vez que se visite el sitio web.<\/li>\n<\/ul>\n<p>Estas cookies, deben cumplir con el RGPD-UE-2016\/679, la, LOPD-3\/2018, de Garant\u00eda de los Derechos Digitales y la normativa de la LSSI-CE.<\/p>\n<p><strong><u>COOKIES PROPIAS EN USO:<\/u><\/strong><\/p>\n<p><strong>S e han permitido las siguientes cookies entre otras al visitar esta p\u00e1gina web<\/strong>:<\/p>\n<table>\n<tbody>\n<tr>\n<td width=\"125\"><strong>\u00a0<\/strong><\/p>\n<p><strong>DOMINIO<\/strong><\/td>\n<td width=\"195\">&nbsp;<\/p>\n<p><strong>COOKIE<\/strong><\/td>\n<td width=\"76\">&nbsp;<\/p>\n<p><strong>ABOUT US<\/strong><\/td>\n<td width=\"98\">&nbsp;<\/p>\n<p><strong>FUNCI\u00d3N<\/strong><\/td>\n<td width=\"87\">&nbsp;<\/p>\n<p><strong>CADUCIDAD<\/strong><\/td>\n<\/tr>\n<tr>\n<td rowspan=\"3\" width=\"125\"><strong>Hortisfera.com<\/strong><\/td>\n<td width=\"195\">TawkConnectionTime<\/p>\n<p>&nbsp;<\/td>\n<td width=\"76\">Tawk.to<\/td>\n<td width=\"98\">De terceros.<\/td>\n<td width=\"87\">Sesi\u00f3n<\/td>\n<\/tr>\n<tr>\n<td width=\"195\">TawkCookie<\/td>\n<td width=\"76\">Taek.to<\/td>\n<td width=\"98\">Identificar chat<\/td>\n<td width=\"87\">Persistente<\/td>\n<\/tr>\n<tr>\n<td width=\"195\">cookielawinfo-checkbox-non-necessary<\/td>\n<td width=\"76\">Consent<\/td>\n<td width=\"98\">Analytics<\/td>\n<td width=\"87\">11, meses<\/td>\n<\/tr>\n<tr>\n<td width=\"125\"><strong>\u00a0<\/strong><\/td>\n<td width=\"195\">viewed_cookie_policy<\/td>\n<td width=\"76\">Consent<\/td>\n<td width=\"98\">Uso o no de cookies<\/td>\n<td width=\"87\">11, meses<\/td>\n<\/tr>\n<tr>\n<td width=\"125\"><strong>Va.taek.to<\/strong><\/td>\n<td width=\"195\">ss<\/td>\n<td width=\"76\">ss<\/td>\n<td width=\"98\">Propia<\/td>\n<td width=\"87\">Desconocida<\/td>\n<\/tr>\n<tr>\n<td width=\"125\"><strong>\u00a0<\/strong><\/td>\n<td width=\"195\">tawkUUID<\/td>\n<td width=\"76\">Tawt.to<\/td>\n<td width=\"98\">De terceros<\/td>\n<td width=\"87\">Persistente<\/td>\n<\/tr>\n<tr>\n<td width=\"125\"><strong>\u00a0<\/strong><\/td>\n<td width=\"195\"><\/td>\n<td width=\"76\"><\/td>\n<td width=\"98\"><\/td>\n<td width=\"87\"><\/td>\n<\/tr>\n<\/tbody>\n<\/table>\n<p><strong><u>COOKIES EXTERNAS EN USO:<\/u><\/strong><\/p>\n<p><strong>Algunas de las cookies en uso:<\/strong><\/p>\n<table>\n<tbody>\n<tr>\n<td width=\"111\"><strong>\u00a0<\/strong><\/p>\n<p><strong>DOMINIO<\/strong><\/td>\n<td width=\"123\">&nbsp;<\/p>\n<p><strong>COOKIE<\/strong><\/td>\n<td width=\"104\">&nbsp;<\/p>\n<p><strong>ABOUT US<\/strong><\/td>\n<td width=\"123\">&nbsp;<\/p>\n<p><strong>FUNCI\u00d3N<\/strong><\/td>\n<td width=\"113\">&nbsp;<\/p>\n<p><strong>CADUCIDAD<\/strong><\/td>\n<\/tr>\n<tr>\n<td width=\"111\">Google.com<\/td>\n<td width=\"123\">1P_JAR<\/td>\n<td width=\"104\">Google<\/td>\n<td width=\"123\">An\u00e1lisis de dades<\/td>\n<td width=\"113\">1, mes<\/td>\n<\/tr>\n<tr>\n<td width=\"111\"><\/td>\n<td width=\"123\">ANID<\/td>\n<td width=\"104\">Google<\/td>\n<td width=\"123\">Publicitaria<\/td>\n<td width=\"113\">Persistente<\/td>\n<\/tr>\n<tr>\n<td width=\"111\"><\/td>\n<td width=\"123\">NID<\/td>\n<td width=\"104\">Google<\/td>\n<td width=\"123\">amagatzema les preferencies del usuari.<\/td>\n<td width=\"113\">6, meses<\/td>\n<\/tr>\n<tr>\n<td width=\"111\"><\/td>\n<td width=\"123\">Secure 3PAPISID<\/td>\n<td width=\"104\">Google<\/td>\n<td width=\"123\">Publicitaria<\/td>\n<td width=\"113\">Persistente<\/td>\n<\/tr>\n<tr>\n<td width=\"111\"><\/td>\n<td width=\"123\">Secure 3PSID<\/td>\n<td width=\"104\">Google<\/td>\n<td width=\"123\">Analytics<\/td>\n<td width=\"113\">Persistente<\/td>\n<\/tr>\n<tr>\n<td width=\"111\"><\/td>\n<td width=\"123\">Secure 3PSIDCC<\/td>\n<td width=\"104\">Google<\/td>\n<td width=\"123\">Publicitaria<\/td>\n<td width=\"113\">1, a\u00f1o<\/td>\n<\/tr>\n<tr>\n<td width=\"111\"><\/td>\n<td width=\"123\"><\/td>\n<td width=\"104\"><\/td>\n<td width=\"123\"><\/td>\n<td width=\"113\"><\/td>\n<\/tr>\n<tr>\n<td width=\"111\"><\/td>\n<td width=\"123\"><\/td>\n<td width=\"104\"><\/td>\n<td width=\"123\"><\/td>\n<td width=\"113\"><\/td>\n<\/tr>\n<\/tbody>\n<\/table>\n<ol start=\"3\">\n<li><strong><u>\u00bfPOR QU\u00c9 NECESITAMOS SU CONSENTIMIENTO EXPL\u00cdCITO PARA UTILIZARLAS?<\/u><\/strong><\/li>\n<\/ol>\n<ul>\n<li><strong><u>Sentencia de la Gran Sala del Tribunal de Justicia de la Uni\u00f3n Europea, de 1 de octubre de 2019, y Gu\u00eda sobre el uso de las cookies de la AEPD, julio de 2020.<\/u><\/strong><\/li>\n<\/ul>\n<p>La sentencia de la Gran Sala del Tribunal de Justicia de la Uni\u00f3n Europea, del d\u00eda 1 de octubre de 2019, debe interpretarse en el sentido de que el consentimiento no se presta de manera v\u00e1lida cuando el almacenamiento de informaci\u00f3n, o el acceso a la informaci\u00f3n ya almacenada en el equipo terminal del usuario de un sitio web de internet, a trav\u00e9s de cookies se autoriza mediante una casilla marcada por defecto de la que el usuario tiene que retirar la marca en caso que quiera rechazar su uso. En este sentido, la autorizaci\u00f3n debe basarse en un consentimiento expl\u00edcito mediante un Check de, \u00a0<strong><u>aceptaci\u00f3n,<\/u><\/strong> expl\u00edcita, un check de, <strong><u>rechazo,<\/u><\/strong> por parte del usuario y un check de,\u00a0 <strong><u>m\u00e1s informaci\u00f3n<\/u><\/strong>, de las cookies expuestas.<\/p>\n<p>Esta interpretaci\u00f3n no puede variar en funci\u00f3n de si la informaci\u00f3n almacenada o consultada en el terminal del usuario de un sitio de internet conste o no de datos de car\u00e1cter personal.<\/p>\n<p>La Gran Sala del Tribunal de Justicia de la Uni\u00f3n Europea tambi\u00e9n dispone en esta sentencia que la informaci\u00f3n que el proveedor de servicios debe facilitar al usuario de un sitio web de internet tiene que incluir el tiempo en que les cookies permanecer\u00e1n activas y la posibilidad de que terceros puedan acceder a la informaci\u00f3n que \u00e9stas almacenan. Este requisito lo establece la versi\u00f3n modificada por la Directiva 2009\/136, que modifica el art\u00edculo 5, apartado 3, de la Directiva 2002\/58\/UE, y por la Gu\u00eda de la AEPD de julio de 2020.\u00a0\u00a0\u00a0 En relaci\u00f3n a la posibilidad de que el usuario pueda rechazar el uso de las cookies, hay que tener en cuenta que si rechaza o borra las cookies de navegaci\u00f3n por la Web, no podremos mantener sus preferencias, algunas caracter\u00edsticas de les p\u00e1ginas no estar\u00e1n operativas, no podremos ofrecerle servicios personalizados y cada vez que vaya a navegar por nuestra web tendremos que solicitarle de nuevo su autorizaci\u00f3n para el uso de cookies. Si aun as\u00ed, decide modificar la configuraci\u00f3n de su acceso a la p\u00e1gina web, debe saber que es posible eliminar las cookies o impedir que se registre esta informaci\u00f3n en su equipo en cualquier momento mediante la modificaci\u00f3n de los par\u00e1metros de configuraci\u00f3n de su navegador:<\/p>\n<ul>\n<li><a href=\"https:\/\/support.microsoft.com\/es-es\/topic\/ver-las-cookies-en-microsoft-edge-a7d95376-f2cd-8e4a-25dc-1de753474879#:~:text=Abre%20Microsoft%20Edge%20y%20luego,controles%20espec%C3%ADficos%20para%20las%20cookies.\">Configuraci\u00f3n de cookies de Microsoft Edge.<\/a><\/li>\n<li><a href=\"https:\/\/support.mozilla.org\/es\/kb\/habilitar-y-deshabilitar-cookies-sitios-web-rastrear-preferencias\">Configuraci\u00f3n de cookies de Firefox.<\/a><\/li>\n<li><a href=\"https:\/\/support.google.com\/chrome\/answer\/95647?co=GENIE.Platform%3DDesktop&amp;hl=es-419\">Configuraci\u00f3n de cookies de Google Chrome.<\/a><\/li>\n<li><a href=\"https:\/\/support.apple.com\/es-es\/guide\/safari\/sfri11471\/mac\">Configuraci\u00f3n de cookies de Safari.<\/a><\/li>\n<\/ul>\n<p>Estos navegadores est\u00e1n sometidos a cambios o modificaciones, por lo que no podemos garantizar que se ajusten completamente a la versi\u00f3n de su navegador. Tambi\u00e9n puede ser que utilice otro navegador no contemplado en estos enlaces como Konqueror, Arora, Flock, etc. Para evitar estos desajustes, puede acceder directamente desde las opciones de su navegador que se encuentra generalmente en el men\u00fa de Opciones, en la secci\u00f3n de \u00abPrivacidad\u00bb. (Por favor, consulte la ayuda de su navegador para m\u00e1s informaci\u00f3n.)<\/p>\n<ol start=\"4\">\n<li><strong><u>\u00bfDONDE PUEDO OBTENER M\u00c1S INFORMACION?<\/u><\/strong><\/li>\n<\/ol>\n<p>Puedes encontrar m\u00e1s informaci\u00f3n sobre cookies en:<\/p>\n<p>www.allaboutcookies.org o www.youronlinechoices.eu.<\/p>\n\r\n\t<\/div>\r\n<\/div><\/div><\/div><\/div><\/div><\/div>","protected":false},"excerpt":{"rendered":"QUE SON LAS COOKIES? Las cookies son peque\u00f1os \u00a0archivos de datos que se reciben en el terminal desde el sitio web visitado y se usan para registrar ciertas interacciones de la navegaci\u00f3n en un sitio web almacenando datos que podr\u00e1n ser actualizados y recuperados. Estos archivos se almacenan en el ordenador del usuario y contiene [...]","protected":false},"author":1,"featured_media":0,"parent":0,"menu_order":0,"comment_status":"closed","ping_status":"closed","template":"","meta":[],"_links":{"self":[{"href":"https:\/\/hortisfera.es\/en\/wp-json\/wp\/v2\/pages\/1998"}],"collection":[{"href":"https:\/\/hortisfera.es\/en\/wp-json\/wp\/v2\/pages"}],"about":[{"href":"https:\/\/hortisfera.es\/en\/wp-json\/wp\/v2\/types\/page"}],"author":[{"embeddable":true,"href":"https:\/\/hortisfera.es\/en\/wp-json\/wp\/v2\/users\/1"}],"replies":[{"embeddable":true,"href":"https:\/\/hortisfera.es\/en\/wp-json\/wp\/v2\/comments?post=1998"}],"version-history":[{"count":10,"href":"https:\/\/hortisfera.es\/en\/wp-json\/wp\/v2\/pages\/1998\/revisions"}],"predecessor-version":[{"id":7111,"href":"https:\/\/hortisfera.es\/en\/wp-json\/wp\/v2\/pages\/1998\/revisions\/7111"}],"wp:attachment":[{"href":"https:\/\/hortisfera.es\/en\/wp-json\/wp\/v2\/media?parent=1998"}],"curies":[{"name":"wp","href":"https:\/\/api.w.org\/{rel}","templated":true}]}}