{"id":3086,"date":"2020-06-25T14:26:38","date_gmt":"2020-06-25T14:26:38","guid":{"rendered":"https:\/\/hortisfera.es\/?page_id=3086"},"modified":"2020-06-25T15:01:32","modified_gmt":"2020-06-25T15:01:32","slug":"registro","status":"publish","type":"page","link":"https:\/\/hortisfera.es\/en\/registro\/","title":{"rendered":"SIGN UP"},"content":{"rendered":"<div id=\"agni-row-36623\" class=\"section-row\" style=\"margin-top: 30px; \"><div class=\"section-row-bg-container section-row-bg-container-agni-row-36623\"><div class=\"section-row-bg section-row-bg-color\"  ><\/div><\/div><div class=\"container\"><div class=\"vc_row vc_row_fluid\"><div id=\"agni-column-12735\" class=\"wpb_column agni_column_container agni_column vc_column_container vc_col-sm-12\"><div class=\"agni_column-inner vc_column-inner text-left\"  ><div class=\"section-column-bg-container section-column-bg-container-agni-column-12735\" ><div class=\"section-column-bg section-column-bg-color\"  ><\/div><\/div><div class=\"wpb_wrapper\"><div class=\"agni-section-heading text-left ihda\" ><h2 class=\"section-heading-text\" style=\"font-size:48px;\"><span>Registro<\/span><\/h2><div class=\"section-divide-line divide-line text-left\"><span style=\"width:90px; height:1px; background-color:#81d742\"><\/span><\/div><\/div><\/div><\/div><\/div><\/div><\/div><\/div><div id=\"agni-row-81735\" class=\"section-row\" ><div class=\"section-row-bg-container section-row-bg-container-agni-row-81735\"><div class=\"section-row-bg section-row-bg-color\"  ><\/div><\/div><div class=\"container\"><div class=\"vc_row vc_row_fluid\"><div id=\"agni-column-71603\" class=\"wpb_column agni_column_container agni_column vc_column_container vc_col-sm-2\"><div class=\"agni_column-inner vc_column-inner text-left\"  ><div class=\"section-column-bg-container section-column-bg-container-agni-column-71603\" ><div class=\"section-column-bg section-column-bg-color\"  ><\/div><\/div><div class=\"wpb_wrapper\"><\/div><\/div><\/div><div id=\"agni-column-66555\" class=\"wpb_column agni_column_container agni_column vc_column_container vc_col-sm-8\"><div class=\"agni_column-inner vc_column-inner text-left\"  ><div class=\"section-column-bg-container section-column-bg-container-agni-column-66555\" ><div class=\"section-column-bg section-column-bg-color\"  ><\/div><\/div><div class=\"wpb_wrapper\">\r\n\t<div id=\"\" class=\"agni_text_column agni-text-block\"  >\r\n\t\t\t<div class='user-registration ur-frontend-form' id='user-registration-form-3080'>\n\t\t<form method='post' class='register' data-form-id=\"3080\"\n\t\t\t  data-enable-strength-password=\"\" data-minimum-password-strength=\"3\" action=\"\" >\n\n\t\t\t\t\t\t\t\t\t<div class='ur-form-row'>\n\t\t\t\t\t\t\t\t\t\t\t\t\t\t\t\t<div class=\"ur-form-grid ur-grid-1\"\n\t\t\t\t\t\t\t\t\t\t\t style=\"width:48%\">\n\t\t\t\t\t\t\t\t\t\t\t\t\t\t\t\t\t\t\t\t\t\t\t\t<div  data-field-id=\"first_name\" class=\"ur-field-item field-first_name\">\n\t\t\t\t\t\t\t\t\t\t\t\t\t<div class=\"form-row validate-required\" id=\"first_name_field\" data-priority=\"\" ><label for=\"first_name\" class=\"ur-label\">Nombre Completo <abbr class=\"required\" title=\"required\">*<\/abbr><\/label><input data-rules=\"\" data-id=\"first_name\" type=\"text\" class=\"input-text input-text ur-frontend-field\" name=\"first_name\" id=\"first_name\" placeholder=\"\"  value=\"\" required=\"required\" data-label=\"Nombre Completo\" \/><\/div>\t\t\t\t\t\t\t\t\t\t\t\t\t\t\t<\/div>\n\t\t\t\t\t\t\t\t\t\t\t\t\t\t\t\t\t\t\t\t\t\t\t\t\t\t\t\t<div  data-field-id=\"display_name\" class=\"ur-field-item field-display_name\">\n\t\t\t\t\t\t\t\t\t\t\t\t\t<div class=\"form-row\" id=\"display_name_field\" data-priority=\"\" ><label for=\"display_name\" class=\"ur-label\">Company<\/label><input data-rules=\"\" data-id=\"display_name\" type=\"text\" class=\"input-text input-text ur-frontend-field\" name=\"display_name\" id=\"display_name\" placeholder=\"\"  value=\"\" data-label=\"Empresa\" \/><\/div>\t\t\t\t\t\t\t\t\t\t\t\t\t\t\t<\/div>\n\t\t\t\t\t\t\t\t\t\t\t\t\t\t\t\t\t\t\t\t\t\t\t<\/div>\n\t\t\t\t\t\t\t\t\t\t\t\t\t\t\t\t\t\t\t<div class=\"ur-form-grid ur-grid-2\"\n\t\t\t\t\t\t\t\t\t\t\t style=\"width:48%\">\n\t\t\t\t\t\t\t\t\t\t\t\t\t\t\t\t\t\t\t\t\t\t\t\t<div  data-field-id=\"input_box_1593090999\" class=\"ur-field-item field-text\">\n\t\t\t\t\t\t\t\t\t\t\t\t\t<div class=\"form-row validate-required\" id=\"input_box_1593090999_field\" data-priority=\"\" ><label for=\"input_box_1593090999\" class=\"ur-label\">DNI \/ CIF <abbr class=\"required\" title=\"required\">*<\/abbr><\/label><input data-rules=\"\" data-id=\"input_box_1593090999\" type=\"text\" class=\"input-text input-text ur-frontend-field\" name=\"input_box_1593090999\" id=\"input_box_1593090999\" placeholder=\"\"  value=\"\" required=\"required\" data-label=\"DNI \/ CIF\" maxlength=\"20\" \/><\/div>\t\t\t\t\t\t\t\t\t\t\t\t\t\t\t<\/div>\n\t\t\t\t\t\t\t\t\t\t\t\t\t\t\t\t\t\t\t\t\t\t\t<\/div>\n\t\t\t\t\t\t\t\t\t\t\t\t\t\t\t<\/div>\n\t\t\t\t\t\t\t\t\t\t<div class='ur-form-row'>\n\t\t\t\t\t\t\t\t\t\t\t\t\t\t\t\t<div class=\"ur-form-grid ur-grid-1\"\n\t\t\t\t\t\t\t\t\t\t\t style=\"width:48%\">\n\t\t\t\t\t\t\t\t\t\t\t\t\t\t\t\t\t\t\t\t\t\t\t\t<div  data-field-id=\"user_email\" class=\"ur-field-item field-user_email\">\n\t\t\t\t\t\t\t\t\t\t\t\t\t<div class=\"form-row validate-required\" id=\"user_email_field\" data-priority=\"\" ><label for=\"user_email\" class=\"ur-label\">Correo Electr\u00f3nico <abbr class=\"required\" title=\"required\">*<\/abbr><\/label><input data-rules=\"\" data-id=\"user_email\" type=\"email\" class=\"input-text input-email ur-frontend-field\" name=\"user_email\" id=\"user_email\" placeholder=\"\"  value=\"\" required=\"required\" data-label=\"Correo Electr\u00f3nico\" \/><\/div>\t\t\t\t\t\t\t\t\t\t\t\t\t\t\t<\/div>\n\t\t\t\t\t\t\t\t\t\t\t\t\t\t\t\t\t\t\t\t\t\t\t\t\t\t\t\t<div  data-field-id=\"user_pass\" class=\"ur-field-item field-user_pass\">\n\t\t\t\t\t\t\t\t\t\t\t\t\t<div class=\"form-row validate-required hide_show_password\" id=\"user_pass_field\" data-priority=\"\"><label for=\"user_pass\" class=\"ur-label\">Contrase\u00f1a <abbr class=\"required\" title=\"required\">*<\/abbr><\/label><span class=\"password-input-group\"><input data-rules=\"\" data-id=\"user_pass\" type=\"password\" class=\"input-text input-password ur-frontend-field\" name=\"user_pass\" id=\"user_pass\" placeholder=\"\"  value=\"\" required=\"required\" data-label=\"Contrase\u00f1a\" \/><\/span><\/div>\t\t\t\t\t\t\t\t\t\t\t\t\t\t\t<\/div>\n\t\t\t\t\t\t\t\t\t\t\t\t\t\t\t\t\t\t\t\t\t\t\t<\/div>\n\t\t\t\t\t\t\t\t\t\t\t\t\t\t\t\t\t\t\t<div class=\"ur-form-grid ur-grid-2\"\n\t\t\t\t\t\t\t\t\t\t\t style=\"width:48%\">\n\t\t\t\t\t\t\t\t\t\t\t\t\t\t\t\t\t\t\t\t\t\t\t\t<div  data-field-id=\"user_confirm_email\" class=\"ur-field-item field-user_confirm_email\">\n\t\t\t\t\t\t\t\t\t\t\t\t\t<div class=\"form-row validate-required\" id=\"user_confirm_email_field\" data-priority=\"\" ><label for=\"user_confirm_email\" class=\"ur-label\">Confirmar Correo Electr\u00f3nico <abbr class=\"required\" title=\"required\">*<\/abbr><\/label><input data-rules=\"\" data-id=\"user_confirm_email\" type=\"email\" class=\"input-text input-email ur-frontend-field\" name=\"user_confirm_email\" id=\"user_confirm_email\" placeholder=\"\"  value=\"\" required=\"required\" data-label=\"Confirmar Correo Electr\u00f3nico\" \/><\/div>\t\t\t\t\t\t\t\t\t\t\t\t\t\t\t<\/div>\n\t\t\t\t\t\t\t\t\t\t\t\t\t\t\t\t\t\t\t\t\t\t\t\t\t\t\t\t<div  data-field-id=\"user_confirm_password\" class=\"ur-field-item field-user_confirm_password\">\n\t\t\t\t\t\t\t\t\t\t\t\t\t<div class=\"form-row validate-required hide_show_password\" id=\"user_confirm_password_field\" data-priority=\"\"><label for=\"user_confirm_password\" class=\"ur-label\">Confirmar Contrase\u00f1a <abbr class=\"required\" title=\"required\">*<\/abbr><\/label><span class=\"password-input-group\"><input data-rules=\"\" data-id=\"user_confirm_password\" type=\"password\" class=\"input-text input-password ur-frontend-field\" name=\"user_confirm_password\" id=\"user_confirm_password\" placeholder=\"\"  value=\"\" required=\"required\" data-label=\"Confirmar Contrase\u00f1a\" \/><\/span><\/div>\t\t\t\t\t\t\t\t\t\t\t\t\t\t\t<\/div>\n\t\t\t\t\t\t\t\t\t\t\t\t\t\t\t\t\t\t\t\t\t\t\t<\/div>\n\t\t\t\t\t\t\t\t\t\t\t\t\t\t\t<\/div>\n\t\t\t\t\t\t\t\t\t<div id=\"ur-recaptcha-node\" style=\"width:100px;max-width: 100px;\"> <div id=\"node_recaptcha_register\" class=\"g-recaptcha\"><\/div><\/div>\t\t\t\t\t<div class=\"ur-button-container\" >\n\t\t\t\t\t\t\n\t\t\t\t\t\t<button type=\"submit\" class=\"btn button ur-submit-button\">\n\t\t\t\t\t\t\t<span><\/span>\n\t\t\t\t\t\t\tENVIAR\t\t\t\t\t\t<\/button>\n\n\t\t\t\t\t\t\t\t\t\t\t<\/div>\n\t\t\t\t\t\n\t\t\t<div style=\"clear:both\"><\/div>\n\t\t\t<input type=\"hidden\" name=\"ur-user-form-id\" value=\"3080\"\/>\n\t\t\t<input type=\"hidden\" name=\"ur-redirect-url\" value=\"\"\/>\n\t\t\t<input type=\"hidden\" id=\"ur_frontend_form_nonce\" name=\"ur_frontend_form_nonce\" value=\"44ec0fcc5e\" \/>\n\t\t\t\t\t<input type=\"hidden\" name=\"trp-form-language\" value=\"en\"\/><\/form>\n\n\t\t<div style=\"clear:both\"><\/div>\n\t<\/div>\n\n\r\n\t<\/div>\r\n<\/div><\/div><\/div><div id=\"agni-column-44106\" class=\"wpb_column agni_column_container agni_column vc_column_container vc_col-sm-2\"><div class=\"agni_column-inner vc_column-inner text-left\"  ><div class=\"section-column-bg-container section-column-bg-container-agni-column-44106\" ><div class=\"section-column-bg section-column-bg-color\"  ><\/div><\/div><div class=\"wpb_wrapper\"><\/div><\/div><\/div><\/div><\/div><\/div>","protected":false},"excerpt":{"rendered":"Registro Nombre Completo * Empresa DNI \/ CIF * Correo Electr\u00f3nico * Contrase\u00f1a * Confirmar Correo Electr\u00f3nico * Confirmar Contrase\u00f1a * ENVIAR","protected":false},"author":1,"featured_media":0,"parent":0,"menu_order":0,"comment_status":"closed","ping_status":"closed","template":"","meta":[],"_links":{"self":[{"href":"https:\/\/hortisfera.es\/en\/wp-json\/wp\/v2\/pages\/3086"}],"collection":[{"href":"https:\/\/hortisfera.es\/en\/wp-json\/wp\/v2\/pages"}],"about":[{"href":"https:\/\/hortisfera.es\/en\/wp-json\/wp\/v2\/types\/page"}],"author":[{"embeddable":true,"href":"https:\/\/hortisfera.es\/en\/wp-json\/wp\/v2\/users\/1"}],"replies":[{"embeddable":true,"href":"https:\/\/hortisfera.es\/en\/wp-json\/wp\/v2\/comments?post=3086"}],"version-history":[{"count":6,"href":"https:\/\/hortisfera.es\/en\/wp-json\/wp\/v2\/pages\/3086\/revisions"}],"predecessor-version":[{"id":3096,"href":"https:\/\/hortisfera.es\/en\/wp-json\/wp\/v2\/pages\/3086\/revisions\/3096"}],"wp:attachment":[{"href":"https:\/\/hortisfera.es\/en\/wp-json\/wp\/v2\/media?parent=3086"}],"curies":[{"name":"wp","href":"https:\/\/api.w.org\/{rel}","templated":true}]}}