{"id":535,"date":"2017-01-03T10:29:36","date_gmt":"2017-01-03T10:29:36","guid":{"rendered":"http:\/\/demo.agnidesigns.com\/fortune\/demo1\/?page_id=535"},"modified":"2020-04-27T17:23:10","modified_gmt":"2020-04-27T17:23:10","slug":"blog","status":"publish","type":"page","link":"https:\/\/hortisfera.es\/en\/blog\/","title":{"rendered":"BLOG"},"content":{"rendered":"<div id=\"agni-row-47305\" class=\"section-row\" style=\"padding-top: 5.5%; padding-bottom: 5.5%; \"><div class=\"section-row-bg-container section-row-bg-container-agni-row-47305\"><div class=\"section-row-bg section-row-bg-color\"  ><\/div><\/div><div class=\"container\"><div class=\"vc_row vc_row_fluid\"><div id=\"agni-column-16370\" class=\"wpb_column agni_column_container agni_column vc_column_container vc_col-sm-12\"><div class=\"agni_column-inner vc_column-inner text-left\"  ><div class=\"section-column-bg-container section-column-bg-container-agni-column-16370\" ><div class=\"section-column-bg section-column-bg-color\"  ><\/div><\/div><div class=\"wpb_wrapper\">    <section class=\"blog blog-post shortcode-blog-post list-layout-post\">\r\n        <div class=\"blog-container container\">\r\n            <div class=\"blog-row row no-sidebar\">\r\n                <div class=\"blog-column col-sm-12 col-md-12 blog-post-content\" >\r\n                    <div id=\"primary-blog\" class=\"content-area\">\r\n                                                <div id=\"main-blog\" class=\"site-main\"   data-posttype-autoplay='true' data-posttype-autoplay-timeout='4000' data-posttype-autoplay-speed='700' data-posttype-autoplay-hover='true' data-posttype-loop='true' data-posttype-pagination='true'  data-posttype-navigation='false' >\r\n\r\n                        \r\n                                <article id=\"post-6023\" class=\"list-item animate  post-6023 post type-post status-publish format-standard has-post-thumbnail hentry category-plantas\" style=\" -webkit-animation-duration: 0.8s; -webkit-animation-delay: 0.4s; animation-duration: 0.8s; animation-delay: 0.4s;\" data-animation=\"fadeInUp\" data-animation-offset=\"90%\">\r\n                                    <div class=\"entry-thumbnail\">\r\n                                        <a href=\"https:\/\/hortisfera.es\/en\/viveros-productores-las-guarderias-de-nuestros-jardines\/\"><img class=\"blog-thumbnail-attachment-image attachment-640x640\" src=\"https:\/\/hortisfera.es\/wp-content\/uploads\/2022\/04\/2881.jpg\" width=\"438\" height=\"582\" alt=\"2881\" title=\"2881\" \/><\/a>\r\n                                    <\/div>\r\n                                            <div class=\"entry-content\"><div class=\"entry-meta\">\r\n                                    <span class=\"posted-on\"><a href=\"https:\/\/hortisfera.es\/en\/viveros-productores-las-guarderias-de-nuestros-jardines\/\" rel=\"bookmark\"><time class=\"entry-date published\" datetime=\"2022-04-12T13:16:16+00:00\">12 Apr 2022<\/time><time class=\"updated\" datetime=\"2022-04-12T13:21:07+00:00\">12 Apr 2022<\/time><\/a><\/span><span class=\"cat-links\"><a href=\"https:\/\/hortisfera.es\/en\/category\/plantas\/\" rel=\"category tag\">plantas<\/a><\/span>\r\n                                <\/div><h5 class=\"entry-title\"><a href=\"https:\/\/hortisfera.es\/en\/viveros-productores-las-guarderias-de-nuestros-jardines\/\" rel=\"bookmark\">Production nurseries and nurseries in our gardens....<\/a><\/h5>Normalmente cuando compramos plantas para decorar nuestros hogares y acudimos a los grandes center, puestos de flores y plantas, nuestro comercio <p><a class=\"more-link btn-accent btn-alt\" href=\"https:\/\/hortisfera.es\/en\/viveros-productores-las-guarderias-de-nuestros-jardines\/\">Leer m\u00e1s<\/a><\/p>\r\n                                            <\/div>                                <\/article>\r\n\r\n                            \r\n                                <article id=\"post-5989\" class=\"list-item animate  post-5989 post type-post status-publish format-standard has-post-thumbnail hentry category-lifestyle category-plantas\" style=\" -webkit-animation-duration: 0.8s; -webkit-animation-delay: 0.4s; animation-duration: 0.8s; animation-delay: 0.4s;\" data-animation=\"fadeInUp\" data-animation-offset=\"90%\">\r\n                                    <div class=\"entry-thumbnail\">\r\n                                        <a href=\"https:\/\/hortisfera.es\/en\/contenedores-textiles\/\"><img class=\"blog-thumbnail-attachment-image attachment-640x640\" src=\"https:\/\/hortisfera.es\/wp-content\/uploads\/2022\/03\/ORBIT-PLANTA-ENTRADA-640x640.jpg\" width=\"640\" height=\"640\" alt=\"ORBIT PLANTA ENTRADA\" title=\"ORBIT PLANTA ENTRADA\" \/><\/a>\r\n                                    <\/div>\r\n                                            <div class=\"entry-content\"><div class=\"entry-meta\">\r\n                                    <span class=\"posted-on\"><a href=\"https:\/\/hortisfera.es\/en\/contenedores-textiles\/\" rel=\"bookmark\"><time class=\"entry-date published\" datetime=\"2022-03-18T07:44:12+00:00\">18 Mar 2022<\/time><time class=\"updated\" datetime=\"2022-03-18T07:44:59+00:00\">18 Mar 2022<\/time><\/a><\/span><span class=\"cat-links\"><a href=\"https:\/\/hortisfera.es\/en\/category\/lifestyle\/\" rel=\"category tag\">Lifestyle<\/a>.<a href=\"https:\/\/hortisfera.es\/en\/category\/plantas\/\" rel=\"category tag\">plantas<\/a><\/span>\r\n                                <\/div><h5 class=\"entry-title\"><a href=\"https:\/\/hortisfera.es\/en\/contenedores-textiles\/\" rel=\"bookmark\">CONTENEDORES TEXTILES<\/a><\/h5>La principal ventaja del contenedor t\u00e9xtil GeoPot es la autopoda natural que sufren las raices al contacto con la luz o el aire exterior. Esta <p><a class=\"more-link btn-accent btn-alt\" href=\"https:\/\/hortisfera.es\/en\/contenedores-textiles\/\">Leer m\u00e1s<\/a><\/p>\r\n                                            <\/div>                                <\/article>\r\n\r\n                            \r\n                                <article id=\"post-4228\" class=\"list-item animate  post-4228 post type-post status-publish format-standard has-post-thumbnail hentry category-uncategorized\" style=\" -webkit-animation-duration: 0.8s; -webkit-animation-delay: 0.4s; animation-duration: 0.8s; animation-delay: 0.4s;\" data-animation=\"fadeInUp\" data-animation-offset=\"90%\">\r\n                                    <div class=\"entry-thumbnail\">\r\n                                        <a href=\"https:\/\/hortisfera.es\/en\/4228-2\/\"><img class=\"blog-thumbnail-attachment-image attachment-640x640\" src=\"https:\/\/hortisfera.es\/wp-content\/uploads\/2021\/01\/micorrizas-640x640.jpg\" width=\"640\" height=\"640\" alt=\"micorrizas\" title=\"micorrizas\" \/><\/a>\r\n                                    <\/div>\r\n                                            <div class=\"entry-content\"><div class=\"entry-meta\">\r\n                                    <span class=\"posted-on\"><a href=\"https:\/\/hortisfera.es\/en\/4228-2\/\" rel=\"bookmark\"><time class=\"entry-date published\" datetime=\"2021-01-19T13:33:01+00:00\">19 Jan 2021<\/time><time class=\"updated\" datetime=\"2021-03-10T15:24:25+00:00\">10 Mar 2021<\/time><\/a><\/span><span class=\"cat-links\"><a href=\"https:\/\/hortisfera.es\/en\/category\/uncategorized\/\" rel=\"category tag\">Uncategorized<\/a><\/span>\r\n                                <\/div><h5 class=\"entry-title\"><a href=\"https:\/\/hortisfera.es\/en\/4228-2\/\" rel=\"bookmark\">UGRO RHIZA SOLUBLE 1200 cfc\/g<\/a><\/h5>UGro Rhiza Micorriza es un microorganismo que asocia una relaci\u00f3n simbi\u00f3tica entre las raices de las plantas, y ciertos hongos. En el intercambio <p><a class=\"more-link btn-accent btn-alt\" href=\"https:\/\/hortisfera.es\/en\/4228-2\/\">Leer m\u00e1s<\/a><\/p>\r\n                                            <\/div>                                <\/article>\r\n\r\n                            \r\n                                <article id=\"post-4127\" class=\"list-item animate  post-4127 post type-post status-publish format-standard has-post-thumbnail hentry category-plantas\" style=\" -webkit-animation-duration: 0.8s; -webkit-animation-delay: 0.4s; animation-duration: 0.8s; animation-delay: 0.4s;\" data-animation=\"fadeInUp\" data-animation-offset=\"90%\">\r\n                                    <div class=\"entry-thumbnail\">\r\n                                        <a href=\"https:\/\/hortisfera.es\/en\/consejos-para-huerto-urbano-1\/\"><img class=\"blog-thumbnail-attachment-image attachment-640x640\" src=\"https:\/\/hortisfera.es\/wp-content\/uploads\/2021\/01\/etiquetA-XTRACT-BAG-640x640.jpg\" width=\"640\" height=\"640\" alt=\"etiquetA XTRACT BAG\" title=\"etiquetA XTRACT BAG\" \/><\/a>\r\n                                    <\/div>\r\n                                            <div class=\"entry-content\"><div class=\"entry-meta\">\r\n                                    <span class=\"posted-on\"><a href=\"https:\/\/hortisfera.es\/en\/consejos-para-huerto-urbano-1\/\" rel=\"bookmark\"><time class=\"entry-date published\" datetime=\"2021-01-11T11:51:46+00:00\">11 Jan 2021<\/time><time class=\"updated\" datetime=\"2021-01-11T11:52:49+00:00\">11 Jan 2021<\/time><\/a><\/span><span class=\"cat-links\"><a href=\"https:\/\/hortisfera.es\/en\/category\/plantas\/\" rel=\"category tag\">plantas<\/a><\/span>\r\n                                <\/div><h5 class=\"entry-title\"><a href=\"https:\/\/hortisfera.es\/en\/consejos-para-huerto-urbano-1\/\" rel=\"bookmark\">CONSEJOS PARA HUERTO URBANO 1<\/a><\/h5>Realizar un huerto urbano en casa, y cultivar tus propias hortalizas, no requiere grandes espacios y tampoco un gran presupuesto. Hortisfera te <p><a class=\"more-link btn-accent btn-alt\" href=\"https:\/\/hortisfera.es\/en\/consejos-para-huerto-urbano-1\/\">Leer m\u00e1s<\/a><\/p>\r\n                                            <\/div>                                <\/article>\r\n\r\n                            \r\n                                <article id=\"post-3930\" class=\"list-item animate  post-3930 post type-post status-publish format-standard has-post-thumbnail hentry category-plantas\" style=\" -webkit-animation-duration: 0.8s; -webkit-animation-delay: 0.4s; animation-duration: 0.8s; animation-delay: 0.4s;\" data-animation=\"fadeInUp\" data-animation-offset=\"90%\">\r\n                                    <div class=\"entry-thumbnail\">\r\n                                        <a href=\"https:\/\/hortisfera.es\/en\/pure-basic-como-medio-de-cultivo\/\"><img class=\"blog-thumbnail-attachment-image attachment-640x640\" src=\"https:\/\/hortisfera.es\/wp-content\/uploads\/2020\/12\/pure-basic-web-5-1.jpg\" width=\"291\" height=\"426\" alt=\"pure-basic-web-5-1.jpg\" title=\"pure-basic-web-5-1.jpg\" \/><\/a>\r\n                                    <\/div>\r\n                                            <div class=\"entry-content\"><div class=\"entry-meta\">\r\n                                    <span class=\"posted-on\"><a href=\"https:\/\/hortisfera.es\/en\/pure-basic-como-medio-de-cultivo\/\" rel=\"bookmark\"><time class=\"entry-date published\" datetime=\"2020-12-02T15:26:04+00:00\">2 Dec 2020<\/time><time class=\"updated\" datetime=\"2020-12-02T15:33:39+00:00\">2 Dec 2020<\/time><\/a><\/span><span class=\"cat-links\"><a href=\"https:\/\/hortisfera.es\/en\/category\/plantas\/\" rel=\"category tag\">plantas<\/a><\/span>\r\n                                <\/div><h5 class=\"entry-title\"><a href=\"https:\/\/hortisfera.es\/en\/pure-basic-como-medio-de-cultivo\/\" rel=\"bookmark\">PURE BASIC COMO MEDIO DE CULTIVO<\/a><\/h5>Pure Basic es un saco de 50 litros (\u00b15%) de\u00a0turba de coco mediana\u00a0en part\u00edculas con un bajo porcentaje de fibras. Es un sustrato suelto. \u00datil <p><a class=\"more-link btn-accent btn-alt\" href=\"https:\/\/hortisfera.es\/en\/pure-basic-como-medio-de-cultivo\/\">Leer m\u00e1s<\/a><\/p>\r\n                                            <\/div>                                <\/article>\r\n\r\n                            \r\n                                <article id=\"post-3646\" class=\"list-item animate  post-3646 post type-post status-publish format-standard has-post-thumbnail hentry category-plantas\" style=\" -webkit-animation-duration: 0.8s; -webkit-animation-delay: 0.4s; animation-duration: 0.8s; animation-delay: 0.4s;\" data-animation=\"fadeInUp\" data-animation-offset=\"90%\">\r\n                                    <div class=\"entry-thumbnail\">\r\n                                        <a href=\"https:\/\/hortisfera.es\/en\/pobredumbre-radicular\/\"><img class=\"blog-thumbnail-attachment-image attachment-640x640\" src=\"https:\/\/hortisfera.es\/wp-content\/uploads\/2020\/10\/WhatsApp-Image-2020-06-11-at-09.03.27-6-e1603901039556-640x640.jpeg\" width=\"640\" height=\"640\" alt=\"WhatsApp Image 2020-06-11 at 09.03.27 (6)\" title=\"WhatsApp Image 2020-06-11 at 09.03.27 (6)\" \/><\/a>\r\n                                    <\/div>\r\n                                            <div class=\"entry-content\"><div class=\"entry-meta\">\r\n                                    <span class=\"posted-on\"><a href=\"https:\/\/hortisfera.es\/en\/pobredumbre-radicular\/\" rel=\"bookmark\"><time class=\"entry-date published\" datetime=\"2020-10-28T16:04:18+00:00\">28 Oct 2020<\/time><time class=\"updated\" datetime=\"2020-10-28T16:06:44+00:00\">28 Oct 2020<\/time><\/a><\/span><span class=\"cat-links\"><a href=\"https:\/\/hortisfera.es\/en\/category\/plantas\/\" rel=\"category tag\">plantas<\/a><\/span>\r\n                                <\/div><h5 class=\"entry-title\"><a href=\"https:\/\/hortisfera.es\/en\/pobredumbre-radicular\/\" rel=\"bookmark\">POBREDUMBRE RADICULAR<\/a><\/h5>La pudrici\u00f3n de la ra\u00edz es uno de los principales problemas en los cultivos. La pudrici\u00f3n de la ra\u00edz es una enfermedad que afecta a las plantas, <p><a class=\"more-link btn-accent btn-alt\" href=\"https:\/\/hortisfera.es\/en\/pobredumbre-radicular\/\">Leer m\u00e1s<\/a><\/p>\r\n                                            <\/div>                                <\/article>\r\n\r\n                            \r\n                                <article id=\"post-3353\" class=\"list-item animate  post-3353 post type-post status-publish format-standard has-post-thumbnail hentry category-business\" style=\" -webkit-animation-duration: 0.8s; -webkit-animation-delay: 0.4s; animation-duration: 0.8s; animation-delay: 0.4s;\" data-animation=\"fadeInUp\" data-animation-offset=\"90%\">\r\n                                    <div class=\"entry-thumbnail\">\r\n                                        <a href=\"https:\/\/hortisfera.es\/en\/la-superficie-ecologica-en-espana-se-acerca-ya-al-10\/\"><img class=\"blog-thumbnail-attachment-image attachment-640x640\" src=\"https:\/\/hortisfera.es\/wp-content\/uploads\/2020\/09\/Eco-Logical-Empresas-Certificado-Ecologico.jpg\" width=\"526\" height=\"445\" alt=\"Eco-Logical-Empresas-Certificado-Ecologico\" title=\"Eco-Logical-Empresas-Certificado-Ecologico\" \/><\/a>\r\n                                    <\/div>\r\n                                            <div class=\"entry-content\"><div class=\"entry-meta\">\r\n                                    <span class=\"posted-on\"><a href=\"https:\/\/hortisfera.es\/en\/la-superficie-ecologica-en-espana-se-acerca-ya-al-10\/\" rel=\"bookmark\"><time class=\"entry-date published\" datetime=\"2020-09-01T15:26:07+00:00\">1 Sep 2020<\/time><time class=\"updated\" datetime=\"2020-10-28T16:08:16+00:00\">28 Oct 2020<\/time><\/a><\/span><span class=\"cat-links\"><a href=\"https:\/\/hortisfera.es\/en\/category\/business\/\" rel=\"category tag\">Business<\/a><\/span>\r\n                                <\/div><h5 class=\"entry-title\"><a href=\"https:\/\/hortisfera.es\/en\/la-superficie-ecologica-en-espana-se-acerca-ya-al-10\/\" rel=\"bookmark\">La superficie ecol\u00f3gica en Espa\u00f1a se acerca ya al 10%<\/a><\/h5>Seg\u00fan el avance de datos provisionales del Ministerio de Agricultura, Pesca y Alimentaci\u00f3n, la superficie dedicada a la producci\u00f3n ecol\u00f3gica en <p><a class=\"more-link btn-accent btn-alt\" href=\"https:\/\/hortisfera.es\/en\/la-superficie-ecologica-en-espana-se-acerca-ya-al-10\/\">Leer m\u00e1s<\/a><\/p>\r\n                                            <\/div>                                <\/article>\r\n\r\n                            \r\n                                <article id=\"post-3346\" class=\"list-item animate  post-3346 post type-post status-publish format-standard has-post-thumbnail hentry category-plantas\" style=\" -webkit-animation-duration: 0.8s; -webkit-animation-delay: 0.4s; animation-duration: 0.8s; animation-delay: 0.4s;\" data-animation=\"fadeInUp\" data-animation-offset=\"90%\">\r\n                                    <div class=\"entry-thumbnail\">\r\n                                        <a href=\"https:\/\/hortisfera.es\/en\/fepex-solicita-al-gobierno-el-reconocimiento-de-las-flores-y-plantas-como-productos-de-primera-necesidad\/\"><img class=\"blog-thumbnail-attachment-image attachment-640x640\" src=\"https:\/\/hortisfera.es\/wp-content\/uploads\/2020\/08\/flores_en_flower_and_garden_20082019075809_04102019085253_25082020095321-640x618.jpg\" width=\"640\" height=\"618\" alt=\"flores_en_flower_and_garden_20082019075809_04102019085253_25082020095321\" title=\"flores_en_flower_and_garden_20082019075809_04102019085253_25082020095321\" \/><\/a>\r\n                                    <\/div>\r\n                                            <div class=\"entry-content\"><div class=\"entry-meta\">\r\n                                    <span class=\"posted-on\"><a href=\"https:\/\/hortisfera.es\/en\/fepex-solicita-al-gobierno-el-reconocimiento-de-las-flores-y-plantas-como-productos-de-primera-necesidad\/\" rel=\"bookmark\"><time class=\"entry-date published\" datetime=\"2020-08-28T12:53:43+00:00\">28 Aug 2020<\/time><time class=\"updated\" datetime=\"2020-08-28T13:03:52+00:00\">28 Aug 2020<\/time><\/a><\/span><span class=\"cat-links\"><a href=\"https:\/\/hortisfera.es\/en\/category\/plantas\/\" rel=\"category tag\">plantas<\/a><\/span>\r\n                                <\/div><h5 class=\"entry-title\"><a href=\"https:\/\/hortisfera.es\/en\/fepex-solicita-al-gobierno-el-reconocimiento-de-las-flores-y-plantas-como-productos-de-primera-necesidad\/\" rel=\"bookmark\">FEPEX solicita al Gobierno el reconocimiento de las flores y plantas como productos de primera necesidad<\/a><\/h5>La grave crisis sufrida por el sector productor de flores y plantas durante el estado de alarma ha puesto de manifiesto la confirmaci\u00f3n del canal <p><a class=\"more-link btn-accent btn-alt\" href=\"https:\/\/hortisfera.es\/en\/fepex-solicita-al-gobierno-el-reconocimiento-de-las-flores-y-plantas-como-productos-de-primera-necesidad\/\">Leer m\u00e1s<\/a><\/p>\r\n                                            <\/div>                                <\/article>\r\n\r\n                                                    \r\n                        \r\n                        <\/div><!-- #main -->\r\n                        <div class=\"post-number-navigation page-number-navigation navigation text-center\"><\/div>                    <\/div><!-- #primary -->\r\n                <\/div>\r\n                            <\/div>\r\n        <\/div>\r\n    <\/section>\r\n<\/div><\/div><\/div><\/div><\/div><\/div>","protected":false},"excerpt":{"rendered":"La grave crisis sufrida por el sector productor de flores y plantas durante el estado de alarma ha puesto de manifiesto la confirmaci\u00f3n del canal de la gran distribuci\u00f3n en el mercado nacional, donde algunas cadenas han podido confirmar el inter\u00e9s de incluir las flores y plantas en su gama de productos de primera necesidad, [...]","protected":false},"author":1,"featured_media":0,"parent":0,"menu_order":0,"comment_status":"closed","ping_status":"closed","template":"","meta":[],"_links":{"self":[{"href":"https:\/\/hortisfera.es\/en\/wp-json\/wp\/v2\/pages\/535"}],"collection":[{"href":"https:\/\/hortisfera.es\/en\/wp-json\/wp\/v2\/pages"}],"about":[{"href":"https:\/\/hortisfera.es\/en\/wp-json\/wp\/v2\/types\/page"}],"author":[{"embeddable":true,"href":"https:\/\/hortisfera.es\/en\/wp-json\/wp\/v2\/users\/1"}],"replies":[{"embeddable":true,"href":"https:\/\/hortisfera.es\/en\/wp-json\/wp\/v2\/comments?post=535"}],"version-history":[{"count":9,"href":"https:\/\/hortisfera.es\/en\/wp-json\/wp\/v2\/pages\/535\/revisions"}],"predecessor-version":[{"id":2294,"href":"https:\/\/hortisfera.es\/en\/wp-json\/wp\/v2\/pages\/535\/revisions\/2294"}],"wp:attachment":[{"href":"https:\/\/hortisfera.es\/en\/wp-json\/wp\/v2\/media?parent=535"}],"curies":[{"name":"wp","href":"https:\/\/api.w.org\/{rel}","templated":true}]}}